{"id":912,"date":"2023-01-24T09:51:31","date_gmt":"2023-01-24T08:51:31","guid":{"rendered":"https:\/\/martin.marktl.online\/?page_id=912"},"modified":"2023-11-19T21:02:04","modified_gmt":"2023-11-19T20:02:04","slug":"home","status":"publish","type":"page","link":"https:\/\/martin.marktl.online\/","title":{"rendered":"Home"},"content":{"rendered":"\t\t<div data-elementor-type=\"wp-page\" data-elementor-id=\"912\" class=\"elementor elementor-912\">\n\t\t\t\t\t\t<section class=\"elementor-section elementor-top-section elementor-element elementor-element-ec6567c elementor-section-boxed elementor-section-height-default elementor-section-height-default\" data-id=\"ec6567c\" data-element_type=\"section\" data-e-type=\"section\">\n\t\t\t\t\t\t<div class=\"elementor-container elementor-column-gap-default\">\n\t\t\t\t\t<div class=\"elementor-column elementor-col-100 elementor-top-column elementor-element elementor-element-89b387c\" data-id=\"89b387c\" data-element_type=\"column\" data-e-type=\"column\">\n\t\t\t<div class=\"elementor-widget-wrap\">\n\t\t\t\t\t\t\t<\/div>\n\t\t<\/div>\n\t\t\t\t\t<\/div>\n\t\t<\/section>\n\t\t\t\t<section class=\"elementor-section elementor-top-section elementor-element elementor-element-f8f194d elementor-section-boxed elementor-section-height-default elementor-section-height-default\" data-id=\"f8f194d\" data-element_type=\"section\" data-e-type=\"section\">\n\t\t\t\t\t\t<div class=\"elementor-container elementor-column-gap-default\">\n\t\t\t\t\t<div class=\"elementor-column elementor-col-100 elementor-top-column elementor-element elementor-element-2a1b659\" data-id=\"2a1b659\" data-element_type=\"column\" data-e-type=\"column\">\n\t\t\t<div class=\"elementor-widget-wrap elementor-element-populated\">\n\t\t\t\t\t\t<div class=\"elementor-element elementor-element-89a7f95 elementor-widget elementor-widget-wp-widget-eramagazine_mag_classic\" data-id=\"89a7f95\" data-element_type=\"widget\" data-e-type=\"widget\" data-widget_type=\"wp-widget-eramagazine_mag_classic.default\">\n\t\t\t\t<div class=\"elementor-widget-container\">\n\t\t\t\t\t\t\t\r\n\t\t        \r\n        <div class=\"widget_block\">\r\n\t\t\r\n        \t            \r\n\t\t\t            <div class=\"\r\n            tmnf_wrap tmnf_columns_4 \r\n\t\t\t excerpt_disabled              tmnf_center_text             tmnf_titles_are_small            \">\r\n\t\t\t\r\n                                      \t<div class=\"item tmnf_item item_classic post-868 post type-post status-publish format-standard has-post-thumbnail hentry category-buch\">               \t\r\n\t\t\t\r\n\t\t\t\t                        \r\n                    <div class=\"imgwrap tranz\">\r\n                    \r\n                                                \r\n                        <a href=\"https:\/\/martin.marktl.online\/?p=868\">\r\n                            <img fetchpriority=\"high\" decoding=\"async\" width=\"421\" height=\"600\" src=\"https:\/\/martin.marktl.online\/wp-content\/uploads\/2019\/12\/E1_Sued_Titelbild.jpg\" class=\"tranz wp-post-image\" alt=\"E1 S\u00fcd Titelbild\" srcset=\"https:\/\/martin.marktl.online\/wp-content\/uploads\/2019\/12\/E1_Sued_Titelbild.jpg 456w, https:\/\/martin.marktl.online\/wp-content\/uploads\/2019\/12\/E1_Sued_Titelbild-178x254.jpg 178w\" sizes=\"(max-width: 421px) 100vw, 421px\" \/>                        <\/a>\r\n                \r\n                    <\/div>\r\n                    \r\n                    \r\n    \r\n            \t<div class=\"item_inn tranz p-border rad\">\r\n                    \r\n                       \r\n\t<p class=\"meta meta_categ ribbon tranz\">\r\n        <span class=\"categs\"><a href=\"https:\/\/martin.marktl.online\/?cat=24\" rel=\"category\">Buch<\/a><\/span>\r\n    <\/p>\r\n                    \r\n                       \r\n\t<p class=\"meta tranz\">\r\n\t\t<span class=\"post-date\"><\/span>\r\n        <span class=\"commes\"><\/span>\r\n    <\/p>\r\n                \r\n                \t<h3 class=\"tmnf_title meta_deko\"><a class=\"link link--forsure\" href=\"https:\/\/martin.marktl.online\/?p=868\">E1 Fernwanderweg &#8211; Deutschland S\u00fcd<\/a><\/h3>\r\n                    \r\n                                        \t<div class=\"tmnf_excerpt\"><p>Von Hameln bis zum Bodensee.49 Etappen Auf dem l\u00e4ngsten Wanderweg des Landes \u00fcber alle Berge: Der neue Rother Wanderf\u00fchrer<span class=\"helip\">...<\/span><\/p><\/div>\r\n                                        \r\n                \t   \r\n\t<span class=\"meta meta_more tranz\">\r\n    \t\t<a class=\"readmore\" href=\"https:\/\/martin.marktl.online\/?p=868\">Read More <span class=\"gimmimore tranz\">&rarr;<\/span><\/a>\r\n    <\/span>\r\n                     \r\n                \r\n                <\/div><!-- end .item_inn -->\r\n        \r\n            <\/div>\r\n\t\t\t\r\n                                      \t<div class=\"item tmnf_item item_classic post-834 post type-post status-publish format-standard has-post-thumbnail hentry category-buch\">               \t\r\n\t\t\t\r\n\t\t\t\t                        \r\n                    <div class=\"imgwrap tranz\">\r\n                    \r\n                                                \r\n                        <a href=\"https:\/\/martin.marktl.online\/?p=834\">\r\n                            <img decoding=\"async\" width=\"782\" height=\"600\" src=\"https:\/\/martin.marktl.online\/wp-content\/uploads\/2018\/12\/fernwanderweg-e1-deutschland-nord-329333258-782x600.jpg\" class=\"tranz wp-post-image\" alt=\"\" \/>                        <\/a>\r\n                \r\n                    <\/div>\r\n                    \r\n                    \r\n    \r\n            \t<div class=\"item_inn tranz p-border rad\">\r\n                    \r\n                       \r\n\t<p class=\"meta meta_categ ribbon tranz\">\r\n        <span class=\"categs\"><a href=\"https:\/\/martin.marktl.online\/?cat=24\" rel=\"category\">Buch<\/a><\/span>\r\n    <\/p>\r\n                    \r\n                       \r\n\t<p class=\"meta tranz\">\r\n\t\t<span class=\"post-date\"><\/span>\r\n        <span class=\"commes\"><\/span>\r\n    <\/p>\r\n                \r\n                \t<h3 class=\"tmnf_title meta_deko\"><a class=\"link link--forsure\" href=\"https:\/\/martin.marktl.online\/?p=834\">E1 Fernwanderweg &#8211; Deutschland Nord<\/a><\/h3>\r\n                    \r\n                                        \t<div class=\"tmnf_excerpt\"><p>Von Flensburg bis Hameln. 45 Etappen. Mit GPS-Daten Nun ist mir aber aufgefallen, das die Neuerscheinung &#8220;Fernwanderweg E1&#8221;<span class=\"helip\">...<\/span><\/p><\/div>\r\n                                        \r\n                \t   \r\n\t<span class=\"meta meta_more tranz\">\r\n    \t\t<a class=\"readmore\" href=\"https:\/\/martin.marktl.online\/?p=834\">Read More <span class=\"gimmimore tranz\">&rarr;<\/span><\/a>\r\n    <\/span>\r\n                     \r\n                \r\n                <\/div><!-- end .item_inn -->\r\n        \r\n            <\/div>\r\n\t\t\t\r\n                                      \t<div class=\"item tmnf_item item_classic post-788 post type-post status-publish format-standard has-post-thumbnail hentry category-buch\">               \t\r\n\t\t\t\r\n\t\t\t\t                        \r\n                    <div class=\"imgwrap tranz\">\r\n                    \r\n                                                \r\n                        <a href=\"https:\/\/martin.marktl.online\/?p=788\">\r\n                            <img decoding=\"async\" width=\"300\" height=\"428\" src=\"https:\/\/martin.marktl.online\/wp-content\/uploads\/2014\/02\/WLM-Titelbild-e1490114058979.jpg\" class=\"tranz wp-post-image\" alt=\"Titelbild Wien - Lago Maggiore\" srcset=\"https:\/\/martin.marktl.online\/wp-content\/uploads\/2014\/02\/WLM-Titelbild-e1490114058979.jpg 300w, https:\/\/martin.marktl.online\/wp-content\/uploads\/2014\/02\/WLM-Titelbild-e1490114058979-178x254.jpg 178w\" sizes=\"(max-width: 300px) 100vw, 300px\" \/>                        <\/a>\r\n                \r\n                    <\/div>\r\n                    \r\n                    \r\n    \r\n            \t<div class=\"item_inn tranz p-border rad\">\r\n                    \r\n                       \r\n\t<p class=\"meta meta_categ ribbon tranz\">\r\n        <span class=\"categs\"><a href=\"https:\/\/martin.marktl.online\/?cat=24\" rel=\"category\">Buch<\/a><\/span>\r\n    <\/p>\r\n                    \r\n                       \r\n\t<p class=\"meta tranz\">\r\n\t\t<span class=\"post-date\"><\/span>\r\n        <span class=\"commes\"><\/span>\r\n    <\/p>\r\n                \r\n                \t<h3 class=\"tmnf_title meta_deko\"><a class=\"link link--forsure\" href=\"https:\/\/martin.marktl.online\/?p=788\">Alpen\u00fcberquerung: Wien &#8211; Lago Maggiore<\/a><\/h3>\r\n                    \r\n                                        \t<div class=\"tmnf_excerpt\"><p>In 70 Etappen \u00fcber die gesamten Ostalpen Einmal im Leben \u2026! Wer hat nicht schon einmal davon getr\u00e4umt, dem gewohnten Alltag \u00fcber<span class=\"helip\">...<\/span><\/p><\/div>\r\n                                        \r\n                \t   \r\n\t<span class=\"meta meta_more tranz\">\r\n    \t\t<a class=\"readmore\" href=\"https:\/\/martin.marktl.online\/?p=788\">Read More <span class=\"gimmimore tranz\">&rarr;<\/span><\/a>\r\n    <\/span>\r\n                     \r\n                \r\n                <\/div><!-- end .item_inn -->\r\n        \r\n            <\/div>\r\n\t\t\t\r\n                                      \t<div class=\"item tmnf_item item_classic post-710 post type-post status-publish format-standard has-post-thumbnail hentry category-buch\">               \t\r\n\t\t\t\r\n\t\t\t\t                        \r\n                    <div class=\"imgwrap tranz\">\r\n                    \r\n                                                \r\n                        <a href=\"https:\/\/martin.marktl.online\/?p=710\">\r\n                            <img loading=\"lazy\" decoding=\"async\" width=\"421\" height=\"600\" src=\"https:\/\/martin.marktl.online\/wp-content\/uploads\/2011\/10\/aat-titel.jpg\" class=\"tranz wp-post-image\" alt=\"Titelseite AAT\" srcset=\"https:\/\/martin.marktl.online\/wp-content\/uploads\/2011\/10\/aat-titel.jpg 456w, https:\/\/martin.marktl.online\/wp-content\/uploads\/2011\/10\/aat-titel-178x254.jpg 178w\" sizes=\"(max-width: 421px) 100vw, 421px\" \/>                        <\/a>\r\n                \r\n                    <\/div>\r\n                    \r\n                    \r\n    \r\n            \t<div class=\"item_inn tranz p-border rad\">\r\n                    \r\n                       \r\n\t<p class=\"meta meta_categ ribbon tranz\">\r\n        <span class=\"categs\"><a href=\"https:\/\/martin.marktl.online\/?cat=24\" rel=\"category\">Buch<\/a><\/span>\r\n    <\/p>\r\n                    \r\n                       \r\n\t<p class=\"meta tranz\">\r\n\t\t<span class=\"post-date\"><\/span>\r\n        <span class=\"commes\"><\/span>\r\n    <\/p>\r\n                \r\n                \t<h3 class=\"tmnf_title meta_deko\"><a class=\"link link--forsure\" href=\"https:\/\/martin.marktl.online\/?p=710\">Alpe Adria Trail &#8211; Vom Gro\u00dfglockner nach Triest<\/a><\/h3>\r\n                    \r\n                                        \t<div class=\"tmnf_excerpt\"><p>Vom Gro\u00dfglockner nach Triest Der Alpe-Adria-Trail ist eine junge und erlebnisreiche Entdeckungsreise durch K\u00e4rnten, Slowenien und<span class=\"helip\">...<\/span><\/p><\/div>\r\n                                        \r\n                \t   \r\n\t<span class=\"meta meta_more tranz\">\r\n    \t\t<a class=\"readmore\" href=\"https:\/\/martin.marktl.online\/?p=710\">Read More <span class=\"gimmimore tranz\">&rarr;<\/span><\/a>\r\n    <\/span>\r\n                     \r\n                \r\n                <\/div><!-- end .item_inn -->\r\n        \r\n            <\/div>\r\n\t\t\t\r\n                                      \t<div class=\"item tmnf_item item_classic post-707 post type-post status-publish format-standard has-post-thumbnail hentry category-buch\">               \t\r\n\t\t\t\r\n\t\t\t\t                        \r\n                    <div class=\"imgwrap tranz\">\r\n                    \r\n                                                \r\n                        <a href=\"https:\/\/martin.marktl.online\/?p=707\">\r\n                            <img loading=\"lazy\" decoding=\"async\" width=\"380\" height=\"600\" src=\"https:\/\/martin.marktl.online\/wp-content\/uploads\/2014\/02\/Martin_Marktl_Zeitreise.jpg\" class=\"tranz wp-post-image\" alt=\"Titelbild Zeitreise K\u00e4rnten\" srcset=\"https:\/\/martin.marktl.online\/wp-content\/uploads\/2014\/02\/Martin_Marktl_Zeitreise.jpg 410w, https:\/\/martin.marktl.online\/wp-content\/uploads\/2014\/02\/Martin_Marktl_Zeitreise-161x254.jpg 161w\" sizes=\"(max-width: 380px) 100vw, 380px\" \/>                        <\/a>\r\n                \r\n                    <\/div>\r\n                    \r\n                    \r\n    \r\n            \t<div class=\"item_inn tranz p-border rad\">\r\n                    \r\n                       \r\n\t<p class=\"meta meta_categ ribbon tranz\">\r\n        <span class=\"categs\"><a href=\"https:\/\/martin.marktl.online\/?cat=24\" rel=\"category\">Buch<\/a><\/span>\r\n    <\/p>\r\n                    \r\n                       \r\n\t<p class=\"meta tranz\">\r\n\t\t<span class=\"post-date\"><\/span>\r\n        <span class=\"commes\"><\/span>\r\n    <\/p>\r\n                \r\n                \t<h3 class=\"tmnf_title meta_deko\"><a class=\"link link--forsure\" href=\"https:\/\/martin.marktl.online\/?p=707\">Zeitreise K\u00e4rnten &#8211; Ein Lesebuch zur Geschichte des Landes<\/a><\/h3>\r\n                    \r\n                                        \t<div class=\"tmnf_excerpt\"><p>Ein Lesebuch zur Geschichte des Landes K\u00e4rnten Beginnend mit den ersten Spuren menschlicher Anwesenheit begleitet das Buch die Einwohner<span class=\"helip\">...<\/span><\/p><\/div>\r\n                                        \r\n                \t   \r\n\t<span class=\"meta meta_more tranz\">\r\n    \t\t<a class=\"readmore\" href=\"https:\/\/martin.marktl.online\/?p=707\">Read More <span class=\"gimmimore tranz\">&rarr;<\/span><\/a>\r\n    <\/span>\r\n                     \r\n                \r\n                <\/div><!-- end .item_inn -->\r\n        \r\n            <\/div>\r\n\t\t\t\r\n                                      \t<div class=\"item tmnf_item item_classic post-705 post type-post status-publish format-standard has-post-thumbnail hentry category-buch\">               \t\r\n\t\t\t\r\n\t\t\t\t                        \r\n                    <div class=\"imgwrap tranz\">\r\n                    \r\n                                                \r\n                        <a href=\"https:\/\/martin.marktl.online\/?p=705\">\r\n                            <img loading=\"lazy\" decoding=\"async\" width=\"375\" height=\"600\" src=\"https:\/\/martin.marktl.online\/wp-content\/uploads\/2014\/02\/Coverbild_WET.jpg\" class=\"tranz wp-post-image\" alt=\"\" srcset=\"https:\/\/martin.marktl.online\/wp-content\/uploads\/2014\/02\/Coverbild_WET.jpg 406w, https:\/\/martin.marktl.online\/wp-content\/uploads\/2014\/02\/Coverbild_WET-159x254.jpg 159w\" sizes=\"(max-width: 375px) 100vw, 375px\" \/>                        <\/a>\r\n                \r\n                    <\/div>\r\n                    \r\n                    \r\n    \r\n            \t<div class=\"item_inn tranz p-border rad\">\r\n                    \r\n                       \r\n\t<p class=\"meta meta_categ ribbon tranz\">\r\n        <span class=\"categs\"><a href=\"https:\/\/martin.marktl.online\/?cat=24\" rel=\"category\">Buch<\/a><\/span>\r\n    <\/p>\r\n                    \r\n                       \r\n\t<p class=\"meta tranz\">\r\n\t\t<span class=\"post-date\"><\/span>\r\n        <span class=\"commes\"><\/span>\r\n    <\/p>\r\n                \r\n                \t<h3 class=\"tmnf_title meta_deko\"><a class=\"link link--forsure\" href=\"https:\/\/martin.marktl.online\/?p=705\">Wochenendtouren \u00d6sterreich S\u00fcd<\/a><\/h3>\r\n                    \r\n                                        \t<div class=\"tmnf_excerpt\"><p>25 Touren in K\u00e4rnten und der Steiermark Wer am Wochenende eine Wanderung unternehmen m\u00f6chte, ben\u00f6tigt f\u00fcr die An- und Abreise mitunter<span class=\"helip\">...<\/span><\/p><\/div>\r\n                                        \r\n                \t   \r\n\t<span class=\"meta meta_more tranz\">\r\n    \t\t<a class=\"readmore\" href=\"https:\/\/martin.marktl.online\/?p=705\">Read More <span class=\"gimmimore tranz\">&rarr;<\/span><\/a>\r\n    <\/span>\r\n                     \r\n                \r\n                <\/div><!-- end .item_inn -->\r\n        \r\n            <\/div>\r\n\t\t\t\r\n                                      \t<div class=\"item tmnf_item item_classic post-702 post type-post status-publish format-standard has-post-thumbnail hentry category-buch\">               \t\r\n\t\t\t\r\n\t\t\t\t                        \r\n                    <div class=\"imgwrap tranz\">\r\n                    \r\n                                                \r\n                        <a href=\"https:\/\/martin.marktl.online\/?p=702\">\r\n                            <img loading=\"lazy\" decoding=\"async\" width=\"375\" height=\"600\" src=\"https:\/\/martin.marktl.online\/wp-content\/uploads\/2014\/02\/AHS_Cover.jpg\" class=\"tranz wp-post-image\" alt=\"Titelbild Alm- und H\u00fcttenwanderungen Steiermark\" srcset=\"https:\/\/martin.marktl.online\/wp-content\/uploads\/2014\/02\/AHS_Cover.jpg 406w, https:\/\/martin.marktl.online\/wp-content\/uploads\/2014\/02\/AHS_Cover-159x254.jpg 159w\" sizes=\"(max-width: 375px) 100vw, 375px\" \/>                        <\/a>\r\n                \r\n                    <\/div>\r\n                    \r\n                    \r\n    \r\n            \t<div class=\"item_inn tranz p-border rad\">\r\n                    \r\n                       \r\n\t<p class=\"meta meta_categ ribbon tranz\">\r\n        <span class=\"categs\"><a href=\"https:\/\/martin.marktl.online\/?cat=24\" rel=\"category\">Buch<\/a><\/span>\r\n    <\/p>\r\n                    \r\n                       \r\n\t<p class=\"meta tranz\">\r\n\t\t<span class=\"post-date\"><\/span>\r\n        <span class=\"commes\"><\/span>\r\n    <\/p>\r\n                \r\n                \t<h3 class=\"tmnf_title meta_deko\"><a class=\"link link--forsure\" href=\"https:\/\/martin.marktl.online\/?p=702\">Alm- und H\u00fcttenwanderungen Steiermark<\/a><\/h3>\r\n                    \r\n                                        \t<div class=\"tmnf_excerpt\"><p>50 Touren zwischen Dachstein und Weinland W\u00fcrzige Bergluft, hausgemachte Speisen und eine sonnige H\u00fcttenterrasse \u2013 das sind die Zutaten<span class=\"helip\">...<\/span><\/p><\/div>\r\n                                        \r\n                \t   \r\n\t<span class=\"meta meta_more tranz\">\r\n    \t\t<a class=\"readmore\" href=\"https:\/\/martin.marktl.online\/?p=702\">Read More <span class=\"gimmimore tranz\">&rarr;<\/span><\/a>\r\n    <\/span>\r\n                     \r\n                \r\n                <\/div><!-- end .item_inn -->\r\n        \r\n            <\/div>\r\n\t\t\t\t\t\t<\/div>\r\n            \r\n\t\t\t<div class=\"clearfix\"><\/div>\r\n            \r\n        <\/div>\r\n\t\t\r\n\t\t\t\t\t\t<\/div>\n\t\t\t\t<\/div>\n\t\t\t\t\t<\/div>\n\t\t<\/div>\n\t\t\t\t\t<\/div>\n\t\t<\/section>\n\t\t\t\t<\/div>\n\t\t","protected":false},"excerpt":{"rendered":"<div class=\"tmnf_excerpt\"><div class=\"tmnf_excerpt\"><\/div><\/div>","protected":false},"author":2,"featured_media":0,"parent":0,"menu_order":0,"comment_status":"closed","ping_status":"closed","template":"elementor_header_footer","meta":{"footnotes":""},"class_list":["post-912","page","type-page","status-publish","hentry"],"_links":{"self":[{"href":"https:\/\/martin.marktl.online\/index.php?rest_route=\/wp\/v2\/pages\/912","targetHints":{"allow":["GET"]}}],"collection":[{"href":"https:\/\/martin.marktl.online\/index.php?rest_route=\/wp\/v2\/pages"}],"about":[{"href":"https:\/\/martin.marktl.online\/index.php?rest_route=\/wp\/v2\/types\/page"}],"author":[{"embeddable":true,"href":"https:\/\/martin.marktl.online\/index.php?rest_route=\/wp\/v2\/users\/2"}],"replies":[{"embeddable":true,"href":"https:\/\/martin.marktl.online\/index.php?rest_route=%2Fwp%2Fv2%2Fcomments&post=912"}],"version-history":[{"count":67,"href":"https:\/\/martin.marktl.online\/index.php?rest_route=\/wp\/v2\/pages\/912\/revisions"}],"predecessor-version":[{"id":1113,"href":"https:\/\/martin.marktl.online\/index.php?rest_route=\/wp\/v2\/pages\/912\/revisions\/1113"}],"wp:attachment":[{"href":"https:\/\/martin.marktl.online\/index.php?rest_route=%2Fwp%2Fv2%2Fmedia&parent=912"}],"curies":[{"name":"wp","href":"https:\/\/api.w.org\/{rel}","templated":true}]}}