{"id":538,"date":"2014-02-21T13:16:10","date_gmt":"2014-02-21T12:16:10","guid":{"rendered":"http:\/\/martin.marktl.at\/?page_id=538"},"modified":"2021-09-13T20:32:46","modified_gmt":"2021-09-13T19:32:46","slug":"bestellen","status":"publish","type":"page","link":"https:\/\/martin.marktl.online\/?page_id=538","title":{"rendered":"Buchbestellung"},"content":{"rendered":"<p>Meine B\u00fccher sind in jeder Buchhandlung erh\u00e4ltlich oder k\u00f6nnen hier bestellt werden (auf Wunsch mit Signatur):<\/p>\n<ul>\n<li>Alpe Adria Trail (\u20ac 15,40)<\/li>\n<li>Zeitreise K\u00e4rnten (vergriffen)<\/li>\n<li>Wochenendtouren \u00d6sterreich S\u00fcd (\u20ac 17,40)<\/li>\n<li>Alm- und H\u00fcttenwanderungen Steiermark (\u20ac 17,40)<\/li>\n<li>Alpen\u00fcberquerung: Wien &#8211; Lago Maggiore (\u20ac 19,50)<\/li>\n<li>Fernwanderweg E1 &#8211; Deutschland Nord (\u20ac 17,40)<\/li>\n<li>Fernwanderweg E1 &#8211; Deutschland S\u00fcd (\u20ac 17,40)<\/li>\n<\/ul>\n<p>Der Versand innerhalb \u00d6sterreichs ist kostenlos.<\/p>\n<h3 class=\"inner-title\">Bestellungen via e-mail an<\/h3>\n<h3 class=\"inner-title\"><a href=\"mailto:martin@marktl.online\">martin [at sign] marktl . online<\/a><\/h3>\n","protected":false},"excerpt":{"rendered":"<div class=\"tmnf_excerpt\"><div class=\"tmnf_excerpt\"><p>Meine B\u00fccher sind in jeder Buchhandlung erh\u00e4ltlich oder k\u00f6nnen hier bestellt werden (auf Wunsch mit Signatur): Alpe Adria Trail (\u20ac 15,40) Zeitreise K\u00e4rnten (vergriffen) Wochenendtouren \u00d6sterreich S\u00fcd (\u20ac 17,40) Alm- und H\u00fcttenwanderungen Steiermark (\u20ac 17,40) Alpen\u00fcberquerung: Wien &#8211; Lago Maggiore (\u20ac 19,50) Fernwanderweg E1 &#8211; Deutschland Nord (\u20ac 17,40) Fernwanderweg E1 &#8211; Deutschland S\u00fcd (\u20ac &hellip;<\/p>\n<\/div><\/div>","protected":false},"author":2,"featured_media":0,"parent":0,"menu_order":0,"comment_status":"closed","ping_status":"open","template":"template-fullwidth.php","meta":{"footnotes":""},"class_list":["post-538","page","type-page","status-publish","hentry"],"_links":{"self":[{"href":"https:\/\/martin.marktl.online\/index.php?rest_route=\/wp\/v2\/pages\/538","targetHints":{"allow":["GET"]}}],"collection":[{"href":"https:\/\/martin.marktl.online\/index.php?rest_route=\/wp\/v2\/pages"}],"about":[{"href":"https:\/\/martin.marktl.online\/index.php?rest_route=\/wp\/v2\/types\/page"}],"author":[{"embeddable":true,"href":"https:\/\/martin.marktl.online\/index.php?rest_route=\/wp\/v2\/users\/2"}],"replies":[{"embeddable":true,"href":"https:\/\/martin.marktl.online\/index.php?rest_route=%2Fwp%2Fv2%2Fcomments&post=538"}],"version-history":[{"count":25,"href":"https:\/\/martin.marktl.online\/index.php?rest_route=\/wp\/v2\/pages\/538\/revisions"}],"predecessor-version":[{"id":904,"href":"https:\/\/martin.marktl.online\/index.php?rest_route=\/wp\/v2\/pages\/538\/revisions\/904"}],"wp:attachment":[{"href":"https:\/\/martin.marktl.online\/index.php?rest_route=%2Fwp%2Fv2%2Fmedia&parent=538"}],"curies":[{"name":"wp","href":"https:\/\/api.w.org\/{rel}","templated":true}]}}